{"id":8569,"date":"2026-03-26T19:52:14","date_gmt":"2026-03-26T19:52:14","guid":{"rendered":"https:\/\/aerotechno.com.co\/?post_type=product&#038;p=8569"},"modified":"2026-04-09T14:18:02","modified_gmt":"2026-04-09T14:18:02","slug":"aerotechno-presenta-slam-2026","status":"publish","type":"product","link":"https:\/\/aerotechno.com.co\/index.php\/product\/aerotechno-presenta-slam-2026\/","title":{"rendered":"Aerotechno presenta: Slam 2026"},"content":{"rendered":"<p class=\"\" style=\"text-align: left;\" data-start=\"224\" data-end=\"576\">\ud83c\udf9f\ufe0f <strong data-start=\"916\" data-end=\"938\" data-is-only-node=\"\">Boletas y m\u00e1s info<\/strong>: <a class=\"\" href=\"http:\/\/www.aerotechno.com.co\" target=\"_new\" rel=\"noopener\" data-start=\"940\" data-end=\"993\">www.aerotechno.com.co<\/a><\/p>\n<p class=\"\" data-start=\"1042\" data-end=\"1152\">Sum\u00e9rgete en un viaje s\u00f3nico sin retorno. El techno no es un g\u00e9nero, es un lenguaje.<\/p>\n","protected":false},"excerpt":{"rendered":"<p class=\"\" data-start=\"224\" data-end=\"576\">\ud83c\udf9f\ufe0f <strong data-start=\"916\" data-end=\"938\" data-is-only-node=\"\">Boletas y m\u00e1s info<\/strong>: <a class=\"\" href=\"http:\/\/www.aerotechno.com.co\" target=\"_new\" rel=\"noopener\" data-start=\"940\" data-end=\"993\">www.aerotechno.com.co<\/a><\/p>\n<p class=\"\" data-start=\"1042\" data-end=\"1152\">Sum\u00e9rgete en un viaje s\u00f3nico sin retorno. El techno no es un g\u00e9nero, es un lenguaje.<br data-start=\"1126\" data-end=\"1129\" \/>\u00a1Nos vemos en la pista!<\/p>\n","protected":false},"featured_media":8577,"comment_status":"open","ping_status":"closed","template":"","meta":{"om_disable_all_campaigns":false,"_uag_custom_page_level_css":"","_monsterinsights_skip_tracking":false,"_monsterinsights_sitenote_active":false,"_monsterinsights_sitenote_note":"","_monsterinsights_sitenote_category":0,"site-sidebar-layout":"default","site-content-layout":"","ast-site-content-layout":"default","site-content-style":"default","site-sidebar-style":"default","ast-global-header-display":"","ast-banner-title-visibility":"","ast-main-header-display":"","ast-hfb-above-header-display":"","ast-hfb-below-header-display":"","ast-hfb-mobile-header-display":"","site-post-title":"","ast-breadcrumbs-content":"","ast-featured-img":"","footer-sml-layout":"","ast-disable-related-posts":"","theme-transparent-header-meta":"default","adv-header-id-meta":"","stick-header-meta":"","header-above-stick-meta":"","header-main-stick-meta":"","header-below-stick-meta":"","astra-migrate-meta-layouts":"set","ast-page-background-enabled":"default","ast-page-background-meta":{"desktop":{"background-color":"","background-image":"","background-repeat":"repeat","background-position":"center center","background-size":"auto","background-attachment":"scroll","background-type":"","background-media":"","overlay-type":"","overlay-color":"","overlay-opacity":"","overlay-gradient":""},"tablet":{"background-color":"","background-image":"","background-repeat":"repeat","background-position":"center center","background-size":"auto","background-attachment":"scroll","background-type":"","background-media":"","overlay-type":"","overlay-color":"","overlay-opacity":"","overlay-gradient":""},"mobile":{"background-color":"","background-image":"","background-repeat":"repeat","background-position":"center center","background-size":"auto","background-attachment":"scroll","background-type":"","background-media":"","overlay-type":"","overlay-color":"","overlay-opacity":"","overlay-gradient":""}},"ast-content-background-meta":{"desktop":{"background-color":"var(--ast-global-color-5)","background-image":"","background-repeat":"repeat","background-position":"center center","background-size":"auto","background-attachment":"scroll","background-type":"","background-media":"","overlay-type":"","overlay-color":"","overlay-opacity":"","overlay-gradient":""},"tablet":{"background-color":"var(--ast-global-color-5)","background-image":"","background-repeat":"repeat","background-position":"center center","background-size":"auto","background-attachment":"scroll","background-type":"","background-media":"","overlay-type":"","overlay-color":"","overlay-opacity":"","overlay-gradient":""},"mobile":{"background-color":"var(--ast-global-color-5)","background-image":"","background-repeat":"repeat","background-position":"center center","background-size":"auto","background-attachment":"scroll","background-type":"","background-media":"","overlay-type":"","overlay-color":"","overlay-opacity":"","overlay-gradient":""}}},"product_brand":[],"product_cat":[26],"product_tag":[63,62],"class_list":{"0":"post-8569","1":"product","2":"type-product","3":"status-publish","4":"has-post-thumbnail","6":"product_cat-tickets","7":"product_tag-aerotechno","8":"product_tag-tickets","9":"pa_entrance-anytime","10":"pa_entrance-backstage","11":"pa_entrance-earlyentry","12":"pa_entrance-lanzamiento","13":"pa_entrance-mesavip","14":"pa_entrance-palco","15":"pa_entrance-superearly","16":"pa_entrance-vip","17":"desktop-align-left","18":"tablet-align-left","19":"mobile-align-left","21":"first","22":"instock","23":"shipping-taxable","24":"purchasable","25":"product-type-variable","26":"has-default-attributes"},"aioseo_notices":[],"uagb_featured_image_src":{"full":["https:\/\/aerotechno.com.co\/wp-content\/uploads\/2026\/03\/SLAMnew-01.jpg.jpeg",1182,1418,false],"thumbnail":["https:\/\/aerotechno.com.co\/wp-content\/uploads\/2026\/03\/SLAMnew-01.jpg-150x150.jpeg",150,150,true],"medium":["https:\/\/aerotechno.com.co\/wp-content\/uploads\/2026\/03\/SLAMnew-01.jpg-250x300.jpeg",250,300,true],"medium_large":["https:\/\/aerotechno.com.co\/wp-content\/uploads\/2026\/03\/SLAMnew-01.jpg-768x921.jpeg",768,921,true],"large":["https:\/\/aerotechno.com.co\/wp-content\/uploads\/2026\/03\/SLAMnew-01.jpg-854x1024.jpeg",854,1024,true],"1536x1536":["https:\/\/aerotechno.com.co\/wp-content\/uploads\/2026\/03\/SLAMnew-01.jpg.jpeg",1182,1418,false],"2048x2048":["https:\/\/aerotechno.com.co\/wp-content\/uploads\/2026\/03\/SLAMnew-01.jpg.jpeg",1182,1418,false],"woocommerce_thumbnail":["https:\/\/aerotechno.com.co\/wp-content\/uploads\/2026\/03\/SLAMnew-01.jpg-300x300.jpeg",300,300,true],"woocommerce_single":["https:\/\/aerotechno.com.co\/wp-content\/uploads\/2026\/03\/SLAMnew-01.jpg-600x720.jpeg",600,720,true],"woocommerce_gallery_thumbnail":["https:\/\/aerotechno.com.co\/wp-content\/uploads\/2026\/03\/SLAMnew-01.jpg-100x100.jpeg",100,100,true]},"uagb_author_info":{"display_name":"aerotechno.com.co","author_link":"https:\/\/aerotechno.com.co\/index.php\/author\/"},"uagb_comment_info":0,"uagb_excerpt":"\ud83c\udf9f\ufe0f Boletas y m\u00e1s info: www.aerotechno.com.co Sum\u00e9rgete en un viaje s\u00f3nico sin retorno. El techno no es un g\u00e9nero, es un lenguaje.\u00a1Nos vemos en la pista!","_links":{"self":[{"href":"https:\/\/aerotechno.com.co\/index.php\/wp-json\/wp\/v2\/product\/8569","targetHints":{"allow":["GET"]}}],"collection":[{"href":"https:\/\/aerotechno.com.co\/index.php\/wp-json\/wp\/v2\/product"}],"about":[{"href":"https:\/\/aerotechno.com.co\/index.php\/wp-json\/wp\/v2\/types\/product"}],"replies":[{"embeddable":true,"href":"https:\/\/aerotechno.com.co\/index.php\/wp-json\/wp\/v2\/comments?post=8569"}],"wp:featuredmedia":[{"embeddable":true,"href":"https:\/\/aerotechno.com.co\/index.php\/wp-json\/wp\/v2\/media\/8577"}],"wp:attachment":[{"href":"https:\/\/aerotechno.com.co\/index.php\/wp-json\/wp\/v2\/media?parent=8569"}],"wp:term":[{"taxonomy":"product_brand","embeddable":true,"href":"https:\/\/aerotechno.com.co\/index.php\/wp-json\/wp\/v2\/product_brand?post=8569"},{"taxonomy":"product_cat","embeddable":true,"href":"https:\/\/aerotechno.com.co\/index.php\/wp-json\/wp\/v2\/product_cat?post=8569"},{"taxonomy":"product_tag","embeddable":true,"href":"https:\/\/aerotechno.com.co\/index.php\/wp-json\/wp\/v2\/product_tag?post=8569"}],"curies":[{"name":"wp","href":"https:\/\/api.w.org\/{rel}","templated":true}]}}